{"id":2625,"date":"2024-04-13T18:27:14","date_gmt":"2024-04-13T16:27:14","guid":{"rendered":"https:\/\/do8ail.bplaced.net\/igaf\/wordpress\/?page_id=2625"},"modified":"2024-04-13T18:34:04","modified_gmt":"2024-04-13T16:34:04","slug":"rtzugf","status":"publish","type":"page","link":"http:\/\/do8ail.bplaced.net\/igaf\/wordpress\/?page_id=2625","title":{"rendered":"OpenGD77 Hotspot Teil1"},"content":{"rendered":"<p>Wer schon l\u00e4nger mi dem Gedanken spielt, sich einen DMR Hotspot anzuschaffen, dem er\u00f6ffnet sich nun eine weitere M\u00f6glichkeit.<\/p>\n<p>Das\u00a0Radioddity GD-77 eignet sich mit entprechender Firmware (OpenGD77) als HighPower Hotspot (bitte Gesetzeslage beachten ) . Man ben\u00f6tigt nur einen kleinen Rechner auf dem Pi-Star als System l\u00e4uft. Ein einfacher Pi Zero W reicht v\u00f6llig aus und ist ab 10\u20ac zu haben. Weiterhin ben\u00f6tigt man einen OTG USB Adapter und eine MicroSD Karte f\u00fcr das Pi-Star Image. Anmeldung im BM Netz vorausgesetzt.<\/p>\n<p>Auf der Seite von\u00a0<a href=\"https:\/\/www.rogerclark.net\/\">VK3KYY (Roger Clark)<\/a>\u00a0gibt es alles rund um das GD-77.<\/p>\n<p><iframe loading=\"lazy\" src=\"https:\/\/www.youtube.com\/embed\/YfD9vU-gUnE\" width=\"800\" height=\"600\" frameborder=\"0\" allowfullscreen=\"allowfullscreen\" data-mce-fragment=\"1\"><\/iframe><\/p>\n<p>Wie im Video zu sehen erh\u00e4lt man einen vollwertigen Spot mit einem Zeitschlitz (TS2). Ein Reichweitentest an einer X50 in 15m H\u00f6he ergab einen Radius von \u00fcber 6 KM bei ca. 2 Watt Output.<\/p>\n<p>Wer also ein GD-77 sein Eigen nennt\u2026. viel Spa\u00df beim Basteln.<\/p>\n<p>&nbsp;<\/p>\n<p>73<\/p>\n<p>Tom (DO8AIL)<\/p>\n","protected":false},"excerpt":{"rendered":"<p>Wer schon l\u00e4nger mi dem Gedanken spielt, sich einen DMR Hotspot anzuschaffen, dem er\u00f6ffnet sich nun eine weitere M\u00f6glichkeit. Das\u00a0Radioddity GD-77 eignet sich mit entprechender Firmware (OpenGD77) als HighPower Hotspot (bitte Gesetzeslage beachten ) . Man ben\u00f6tigt nur einen kleinen Rechner auf dem Pi-Star als System l\u00e4uft. Ein einfacher Pi Zero W reicht v\u00f6llig aus [&hellip;]<\/p>\n","protected":false},"author":1,"featured_media":0,"parent":0,"menu_order":0,"comment_status":"closed","ping_status":"closed","template":"","meta":{"footnotes":""},"class_list":["post-2625","page","type-page","status-publish","hentry"],"_links":{"self":[{"href":"http:\/\/do8ail.bplaced.net\/igaf\/wordpress\/index.php?rest_route=\/wp\/v2\/pages\/2625","targetHints":{"allow":["GET"]}}],"collection":[{"href":"http:\/\/do8ail.bplaced.net\/igaf\/wordpress\/index.php?rest_route=\/wp\/v2\/pages"}],"about":[{"href":"http:\/\/do8ail.bplaced.net\/igaf\/wordpress\/index.php?rest_route=\/wp\/v2\/types\/page"}],"author":[{"embeddable":true,"href":"http:\/\/do8ail.bplaced.net\/igaf\/wordpress\/index.php?rest_route=\/wp\/v2\/users\/1"}],"replies":[{"embeddable":true,"href":"http:\/\/do8ail.bplaced.net\/igaf\/wordpress\/index.php?rest_route=%2Fwp%2Fv2%2Fcomments&post=2625"}],"version-history":[{"count":3,"href":"http:\/\/do8ail.bplaced.net\/igaf\/wordpress\/index.php?rest_route=\/wp\/v2\/pages\/2625\/revisions"}],"predecessor-version":[{"id":2633,"href":"http:\/\/do8ail.bplaced.net\/igaf\/wordpress\/index.php?rest_route=\/wp\/v2\/pages\/2625\/revisions\/2633"}],"wp:attachment":[{"href":"http:\/\/do8ail.bplaced.net\/igaf\/wordpress\/index.php?rest_route=%2Fwp%2Fv2%2Fmedia&parent=2625"}],"curies":[{"name":"wp","href":"https:\/\/api.w.org\/{rel}","templated":true}]}}