{"id":2889,"date":"2026-02-14T14:05:33","date_gmt":"2026-02-14T13:05:33","guid":{"rendered":"http:\/\/do8ail.bplaced.net\/igaf\/wordpress\/?page_id=2889"},"modified":"2026-02-19T16:00:42","modified_gmt":"2026-02-19T15:00:42","slug":"albrecht-ae-5900-mods","status":"publish","type":"page","link":"http:\/\/do8ail.bplaced.net\/igaf\/wordpress\/?page_id=2889","title":{"rendered":"Albrecht AE 5900 Mods"},"content":{"rendered":"<p dir=\"auto\">Die <strong>Albrecht AE 5900<\/strong> (Mini SSB) ist ab Werk ein <strong>Multinorm-CB-Funkger\u00e4t<\/strong> mit AM\/FM\/SSB (meist 4 W AM\/FM, 12 W PEP SSB), das in Deutschland und vielen EU-L\u00e4ndern legal im 80-Kanal-CB-Bereich (26.965\u201327.405 MHz) betrieben werden darf.<\/p>\n<p dir=\"auto\">Viele Nutzer wollen aber den <strong>Export- \/ freien Bereich<\/strong> freischalten (meist 24\u201330 MHz oder Teile davon), plus deutlich mehr Sendeleistung und oft den <strong>VFO-Modus<\/strong> (freie Frequenzeingabe statt nur Kanalbetrieb). Das ist in Deutschland (und den meisten EU-L\u00e4ndern) <strong>nicht zul\u00e4ssig<\/strong> au\u00dferhalb der CB-Norm und macht das Ger\u00e4t illegal f\u00fcr den Sendebetrieb.<\/p>\n<h5 dir=\"auto\"><strong>Das Albrecht ist nichts anderes als ein &#8222;kastriertes &#8220; Anytone 5000&#8230;..!!!!! &#8230;und bitte, f\u00fcttert nicht diese Trolle in der Funkbasis, wie den User &#8222;35AJW&#8220;&#8230;..Vollidioten wird es immer geben, so auch dort. Narzistischer Volltrottel.<\/strong><\/h5>\n<p><iframe loading=\"lazy\" title=\"Albrecht AE5900 Mini SSB \u26a1 Bitte Hinweis zur FREQUENZERWEITERUNG in der Videobeschreibung lesen! \ud83d\ude2e\" src=\"https:\/\/www.youtube.com\/embed\/HNrZtgW_Rkg\" width=\"987\" height=\"555\" frameborder=\"0\" allowfullscreen=\"allowfullscreen\"><\/iframe><\/p>\n<p>&nbsp;<\/p>\n<h3 dir=\"auto\">Typische Modifikation f\u00fcr Frequenzerweiterung (Stand 2026)<\/h3>\n<p dir=\"auto\">Die g\u00e4ngigste und einfachste Variante (die fast alle Modder zeigen) sieht so aus:<\/p>\n<ol dir=\"auto\">\n<li>\n<p dir=\"auto\"><strong>Ger\u00e4t \u00f6ffnen<\/strong> Untere Abdeckung abschrauben (meist 4\u20136 Schrauben).<\/p>\n<\/li>\n<li>\n<p dir=\"auto\"><strong>Jumper \/ L\u00f6tbr\u00fccke suchen<\/strong> Auf der Hauptplatine (meist mittig oder in der N\u00e4he des Prozessors \/ EEPROM) gibt es <strong>einen oder zwei Jumper\/Pins<\/strong>, die oft mit \u201eJ1\u201c, \u201eJP1\u201c, \u201eMOD\u201c, \u201eExport\u201c o.\u00e4. beschriftet sind (die genaue Bezeichnung variiert je nach Charge leicht).<\/p>\n<ul dir=\"auto\">\n<li>H\u00e4ufigste Variante: <strong>einen 2-Pin-Jumper entfernen oder versetzen<\/strong> (von \u201eNormal\/CB\u201c auf \u201eExport\u201c oder \u201eOpen\u201c).<\/li>\n<li>Manche Ger\u00e4te brauchen stattdessen <strong>eine Drahtbr\u00fccke<\/strong> zwischen zwei bestimmten L\u00f6tpads (oft zwei Testpunkte nebeneinander).<\/li>\n<\/ul>\n<\/li>\n<li>\n<p dir=\"auto\"><strong>Nach der Mod<\/strong> (typischerweise nach Neustart oder Factory-Reset)<\/p>\n<ul dir=\"auto\">\n<li>Das Ger\u00e4t wechselt in den <strong>Export-Modus<\/strong> oder <strong>HF\/HAM-Modus<\/strong>.<\/li>\n<li>Frequenzbereich springt meist auf <strong>ca. 24.7\u201329.7 MHz<\/strong> (manchmal bis ~30 MHz knapp).<\/li>\n<li>Oft werden zus\u00e4tzliche Arbeitsmodi freigeschaltet: CB \/ HAM \/ HF \/ VFO-Modus<\/li>\n<li><strong>VFO-Modus<\/strong> (freie Frequenzeingabe) wird meist automatisch aktiv.<\/li>\n<\/ul>\n<\/li>\n<li>\n<p dir=\"auto\"><strong>Power-Mod kommt oft automatisch mit<\/strong> Nach dieser einfachen Jumper-\u00c4nderung steigt die Leistung bei sehr vielen Ger\u00e4ten stark an:<\/p>\n<ul dir=\"auto\">\n<li>FM\/AM \u2192 20\u201325 Watt<\/li>\n<li>SSB \u2192 25\u201335 Watt PEP<\/li>\n<\/ul>\n<p dir=\"auto\">(Die genaue Leistung h\u00e4ngt von Exemplar, Abstimmung und verwendeter Spannung ab \u2013 manche messen sogar \u00fcber 35 W SSB.)<\/p>\n<\/li>\n<\/ol>\n<h3 dir=\"auto\">Wichtige Warnungen (2026)<\/h3>\n<ul dir=\"auto\">\n<li><strong>Garantie sofort weg<\/strong> \u2013 bei fast allen H\u00e4ndlern.<\/li>\n<li><strong>Illegal im Sendebetrieb<\/strong> au\u00dferhalb 26.965\u201327.405 MHz \/ 4 W AM\/FM \/ 12 W SSB (Deutschland\/EU).<\/li>\n<li><strong>Filter \/ Harmonische \/ Spuren<\/strong> \u2013 im erweiterten Bereich sind die Oberwellenfilter oft nicht mehr ausreichend \u2192 St\u00f6rungen m\u00f6glich.<\/li>\n<li><strong>W\u00e4rmeentwicklung<\/strong> steigt massiv bei 25\u201330 W Dauerstrich (FM\/AM) \u2192 L\u00fcfter oder bessere K\u00fchlung ratsam.<\/li>\n<\/ul>\n<h3 dir=\"auto\">Kurzfassung \u2013 was du typischerweise bekommst<\/h3>\n<div>\n<div><\/div>\n<div dir=\"auto\">\n<div><\/div>\n<table dir=\"auto\">\n<thead>\n<tr>\n<th data-col-size=\"lg\">Zustand<\/th>\n<th data-col-size=\"xl\">Frequenzbereich<\/th>\n<th data-col-size=\"sm\">Leistung FM\/AM<\/th>\n<th data-col-size=\"md\">Leistung SSB<\/th>\n<th data-col-size=\"xs\">VFO frei?<\/th>\n<\/tr>\n<\/thead>\n<tbody>\n<tr>\n<td data-col-size=\"lg\">Werkszustand<\/td>\n<td data-col-size=\"xl\">26.965\u201327.405 MHz<\/td>\n<td data-col-size=\"sm\">~4 W<\/td>\n<td data-col-size=\"md\">~12 W PEP<\/td>\n<td data-col-size=\"xs\">Nein<\/td>\n<\/tr>\n<tr>\n<td data-col-size=\"lg\">Nach Mod (Export)<\/td>\n<td data-col-size=\"xl\">~24.7\u201329.7 MHz<\/td>\n<td data-col-size=\"sm\">20\u201325 W<\/td>\n<td data-col-size=\"md\">25\u201335 W PEP<\/td>\n<td data-col-size=\"xs\">Ja<\/td>\n<\/tr>\n<\/tbody>\n<\/table>\n<div><\/div>\n<\/div>\n<\/div>\n<p dir=\"auto\">Falls du genau wissen willst, <strong>welcher Jumper\/Pads<\/strong> bei deiner Platine gemeint sind \u2192 suche aktuelle Fotos\/Videos von 2026 (z. B. auf YouTube nach \u201eAlbrecht AE5900 frequency expansion\u201c oder \u201eAE5900 Mod Jumper\u201c). Die Platine sieht bei fast allen Ger\u00e4ten gleich aus, die Position des Jumpers \u00e4ndert sich kaum.<\/p>\n<h5 dir=\"auto\">Entry ins Service Menu, Albrecht als auch bein Anytone Variante<\/h5>\n<p dir=\"auto\">Multifunktionsknopf dr\u00fccken + zeitgleich Mode Taste gedr\u00fcckt halten und das Ger\u00e4t dann einschalten.<\/p>\n<p dir=\"auto\">Nun erh\u00e4lt man auf 62 Positionen Zugriff<\/p>\n<p dir=\"auto\">01 CH01: blank<br \/>\n02 CH02: blank<br \/>\n03 CH03: blank<br \/>\n04 VFRQ: 0051<br \/>\n05 BFRQ: 0050<br \/>\n06 IQ1: 0105<br \/>\n07 IQ2: 0130<br \/>\n08 FMPH: 0060 ( FM Power High ; 0096 = ca. 16 Watt )<br \/>\n09 FMPM: 0128 ( FM Power Mid ; 0151 = ca. 8 Watt )<br \/>\n10 FMPL: 0196 ( FM Power Low ; 0184 = ca. 4 Watt )<br \/>\n11 FMRS: 1134<br \/>\n12 FMOD: 1199 ( FM Modulation ? )<br \/>\n13 FMTON: 0156<br \/>\n14 CTC: 0648<br \/>\n15 DCS: 0580<br \/>\n16 AMPH: 0147 ( AM Power High ; 0099 = ca. 16 Watt )<br \/>\n17 AMPM: 0163 ( AM Power Mid ; 0151 = ca. 8 Watt )<br \/>\n18 AMPL: 0198 ( AM Power Low ; 0192 = ca. 4 Watt )<br \/>\n19 AMRSI: 1105<br \/>\n20 AMODL: 0058<br \/>\n21 AMODM: 0074<br \/>\n22 AMODH: 0099<br \/>\n23 AMTON: 0254<br \/>\n24 SBHI: 0028 ( SSB Power High )<br \/>\n25 SBMI: 0073 ( SSB Power Mid )<br \/>\n26 SBLO: 0096 ( SSB Power Low )<br \/>\n27 USBPA: 0195<br \/>\n28 LSBPA: 0195<br \/>\n29 SBMOL: 0113<br \/>\n30 SBMOM: 0152<br \/>\n31 SBMOH: 0191<br \/>\n32 USBFR: 0057<br \/>\n33 LSBFR: 0086<br \/>\n34 USBTO: 0227<br \/>\n35 LSBTO: 0226<br \/>\n36 RXBPF: 0000<br \/>\n37 TXBPF: 0000<br \/>\n38 FMAQH: 0065<br \/>\n39 FMAQL: 0426<br \/>\n40 AMAQH: 0094<br \/>\n41 AMAQL: 0451<br \/>\n42 AFR1: 0525 ( S-Meter )<br \/>\n43 AFR3: 2643 ( S-Meter )<br \/>\n44 AFR5: 3049 ( S-Meter )<br \/>\n45 AFR7: 3224 ( S-Meter )<br \/>\n46 AFR9: 3374 ( S-Meter )<br \/>\n47 AFR10: 3516 ( S-Meter )<br \/>\n48 AFR20: 3639 ( S-Meter )<br \/>\n49 AFR30: 3747 ( S-Meter )<br \/>\n50 ULR1: 0342 ( S-Meter )<br \/>\n51 ULR3: 2535 ( S-Meter )<br \/>\n52 ULR5: 3019 ( S-Meter )<br \/>\n53 ULR7: 3149 ( S-Meter )<br \/>\n54 ULR9: 3363 ( S-Meter )<br \/>\n55 ULR10: 3492 ( S-Meter )<br \/>\n56 ULR20: 3616 ( S-Meter )<br \/>\n57 ULR30: 3724 ( S-Meter )<br \/>\n58 RFG: 0164<br \/>\n59 SQTH: 02<br \/>\n60 ASQTH: 04<br \/>\n61 VBAT: 102 ( Spannungsanzeige cal. )<br \/>\n62 Ver: V1.00<\/p>\n","protected":false},"excerpt":{"rendered":"<p>Die Albrecht AE 5900 (Mini SSB) ist ab Werk ein Multinorm-CB-Funkger\u00e4t mit AM\/FM\/SSB (meist 4 W AM\/FM, 12 W PEP SSB), das in Deutschland und vielen EU-L\u00e4ndern legal im 80-Kanal-CB-Bereich (26.965\u201327.405 MHz) betrieben werden darf. Viele Nutzer wollen aber den Export- \/ freien Bereich freischalten (meist 24\u201330 MHz oder Teile davon), plus deutlich mehr Sendeleistung [&hellip;]<\/p>\n","protected":false},"author":1,"featured_media":0,"parent":0,"menu_order":0,"comment_status":"closed","ping_status":"closed","template":"","meta":{"footnotes":""},"class_list":["post-2889","page","type-page","status-publish","hentry"],"_links":{"self":[{"href":"http:\/\/do8ail.bplaced.net\/igaf\/wordpress\/index.php?rest_route=\/wp\/v2\/pages\/2889","targetHints":{"allow":["GET"]}}],"collection":[{"href":"http:\/\/do8ail.bplaced.net\/igaf\/wordpress\/index.php?rest_route=\/wp\/v2\/pages"}],"about":[{"href":"http:\/\/do8ail.bplaced.net\/igaf\/wordpress\/index.php?rest_route=\/wp\/v2\/types\/page"}],"author":[{"embeddable":true,"href":"http:\/\/do8ail.bplaced.net\/igaf\/wordpress\/index.php?rest_route=\/wp\/v2\/users\/1"}],"replies":[{"embeddable":true,"href":"http:\/\/do8ail.bplaced.net\/igaf\/wordpress\/index.php?rest_route=%2Fwp%2Fv2%2Fcomments&post=2889"}],"version-history":[{"count":15,"href":"http:\/\/do8ail.bplaced.net\/igaf\/wordpress\/index.php?rest_route=\/wp\/v2\/pages\/2889\/revisions"}],"predecessor-version":[{"id":2926,"href":"http:\/\/do8ail.bplaced.net\/igaf\/wordpress\/index.php?rest_route=\/wp\/v2\/pages\/2889\/revisions\/2926"}],"wp:attachment":[{"href":"http:\/\/do8ail.bplaced.net\/igaf\/wordpress\/index.php?rest_route=%2Fwp%2Fv2%2Fmedia&parent=2889"}],"curies":[{"name":"wp","href":"https:\/\/api.w.org\/{rel}","templated":true}]}}