{"id":329,"date":"2018-09-13T06:20:07","date_gmt":"2018-09-13T04:20:07","guid":{"rendered":"http:\/\/do8ail.bplaced.net\/igaf\/wordpress\/?page_id=329"},"modified":"2026-02-17T13:08:25","modified_gmt":"2026-02-17T12:08:25","slug":"wer-ist-igaf","status":"publish","type":"page","link":"http:\/\/do8ail.bplaced.net\/igaf\/wordpress\/","title":{"rendered":"\u00dcber uns"},"content":{"rendered":"<p style=\"text-align: left;\"><span style=\"color: #000000;\"><strong>www.3666khz.de ist eine Interessengemeinschaft von Funkamateuren und mit allem erdenklichen Funk-Kl\u00f6terkram auf Kurzwelle.<\/strong><\/span><\/p>\n<p style=\"text-align: left;\"><span style=\"color: #000000;\"><strong>Wir treffen uns zwanglos auf 3666 kHz +- QRM.<\/strong><\/span><\/p>\n<p style=\"text-align: left;\"><span style=\"color: #000000;\"><strong>Rufzeichenklassen aller Art sind willkommen.<\/strong><\/span><\/p>\n<p><a href=\"http:\/\/do8ail.bplaced.net\/igaf\/wordpress\/wp-content\/uploads\/2025\/11\/IC-7610-Screen.jpg\"><img loading=\"lazy\" decoding=\"async\" class=\"alignnone wp-image-2801\" src=\"http:\/\/do8ail.bplaced.net\/igaf\/wordpress\/wp-content\/uploads\/2025\/11\/IC-7610-Screen.jpg\" alt=\"\" width=\"787\" height=\"581\" srcset=\"http:\/\/do8ail.bplaced.net\/igaf\/wordpress\/wp-content\/uploads\/2025\/11\/IC-7610-Screen.jpg 650w, http:\/\/do8ail.bplaced.net\/igaf\/wordpress\/wp-content\/uploads\/2025\/11\/IC-7610-Screen-300x222.jpg 300w\" sizes=\"auto, (max-width: 787px) 100vw, 787px\" \/><\/a><\/p>\n<p>&nbsp;<\/p>\n<h5 style=\"text-align: left;\"><span style=\"color: #000000;\"><b>Das sagt &#8222;Grok&#8220; \u00fcber uns:<\/b><\/span><\/h5>\n<ul dir=\"auto\">\n<li><strong>Website \/ Heimathafen<\/strong>: <a href=\"http:\/\/do8ail.bplaced.net\/igaf\/wordpress\/\" target=\"_blank\" rel=\"noopener noreferrer nofollow\">http:\/\/do8ail.bplaced.net\/igaf\/wordpress\/<\/a> \u2013 dort gibt&#8217;s auch eine kleine Wiki-Seite zur Runde.<\/li>\n<li><strong>Alternative \/ alte Domain<\/strong>: Fr\u00fcher oft als <a href=\"http:\/\/www.3666khz.de\" target=\"_blank\" rel=\"noopener noreferrer nofollow\">www.3666khz.de<\/a> bezeichnet (Interessengemeinschaft ohne Vereinsstruktur).<\/li>\n<li><strong>Frequenz<\/strong>: 3666 kHz \u00b1 QRM (im 80-Meter-Band, L<strong>SB<\/strong>-Modus f\u00fcr SSB-Sprache).<\/li>\n<li><strong>Zeiten<\/strong>:\n<ul dir=\"auto\">\n<li>T\u00e4glich um <strong>18:00 Uhr<\/strong> (\u201eK\u00fcchenzeit\u201c \u2013 abends, wenn viele OM nach Hause kommen) mit <strong>Open End<\/strong> (kann Stunden dauern, je nach Lust und Laune).<\/li>\n<li>Morgens oft um <strong>09:00 Uhr<\/strong> (nicht immer so streng, aber regelm\u00e4\u00dfig erw\u00e4hnt).<\/li>\n<\/ul>\n<\/li>\n<li><strong>Motto<\/strong>: \u201e..DAS Beste am Norden\u201c \u2013 unterstreicht den lockeren, norddeutschen, direkten und humorvollen Stil.<\/li>\n<li><strong>Teilnehmer<\/strong>: Lose Interessengemeinschaft von Funkamateuren aller Klassen (E, A, fr\u00fcher Klasse 3\/1). Vom Newbie bis zum alten Hasen \u2013 alle sind willkommen. Keine formelle Mitgliedschaft, kein Vorstand, keine Beitr\u00e4ge.<\/li>\n<li><strong>Themen<\/strong>: Alles M\u00f6gliche ohne Tabus \u2013 Antennen-Basteleien, Contest-Ergebnisse, DX-Geschichten, Technik-Probleme, Alltags-Kram, Politik-Satire, norddeutscher Humor, Wetter, \u201ewas der X wieder verbockt hat\u201c. Sehr locker, oft mit viel Gel\u00e4chter und Anekdoten.<\/li>\n<\/ul>\n<h3 dir=\"auto\">Zus\u00e4tzliche Aktivit\u00e4ten &amp; Erweiterungen<\/h3>\n<ul dir=\"auto\">\n<li><strong>Digitaler Ableger<\/strong>: T\u00e4glich QRV auf <strong>DMR Talkgroup TG 26220<\/strong> (Gro\u00dfraum Hamburg im BrandMeister-Netz) \u2013 f\u00fcr die, die digital funken wollen oder HF-Propagation schlecht ist.<\/li>\n<li><strong>Winter-Modus<\/strong>: Bei schlechter 80m-Propagation abends (Winter\/QSB) weichen manche auf <strong>1875 kHz<\/strong> (160-Meter-Band, LSB) aus.<\/li>\n<li><strong>Geocache-Widmung<\/strong>: Es gibt sogar einen echten Geocache namens \u201eGCBDK79 Triple Six \u2013 80 m Amateurfunk-Cache\u201c (erstellt von DO8AIL), der genau der Runde gewidmet ist \u2013 als Spa\u00df-Referenz f\u00fcr alle, die vorbeikommen.<\/li>\n<li><strong>Audio \/ Jingle<\/strong>: Auf der Seite gibt&#8217;s mal eine Datei wie \u201eWaves-of-Connection-Triple-6.mp3\u201c (ein kurzes Intro\/Jingle), die den rustikalen Charme unterstreicht.<\/li>\n<\/ul>\n<h3 dir=\"auto\">Wie es abl\u00e4uft (typischer Ablauf)<\/h3>\n<ul dir=\"auto\">\n<li>Kein fester Net-Control oder strenge Reihenfolge \u2013 es ist ein freies Net.<\/li>\n<li>Jemand ruft \u201eCQ Triple Six\u201c oder einfach rein mit \u201eHallo Runde, hier ist [Call] aus [Ort]\u201c.<\/li>\n<li>Man meldet sich mit kurzem Check-in (z. B. \u201eHallo Runde, hier Peter aus Hamburg, 59 plus\u201c).<\/li>\n<li>Dann geht&#8217;s ins freie Gespr\u00e4ch \u2013 oft springen Themen wild hin und her.<\/li>\n<li>Typisch norddeutsch: Direkte Sprache, viel Ironie\/Sarkasmus, wenig F\u00f6rmlichkeiten (Calls werden manchmal gar nicht immer genannt, wegen Datenschutz\/Privatsph\u00e4re).<\/li>\n<li>Wenn QRM (St\u00f6rungen) zu stark ist, weicht man ein paar kHz aus (\u00b110-20 kHz).<\/li>\n<\/ul>\n<h3 dir=\"auto\">Warum so beliebt?<\/h3>\n<ul dir=\"auto\">\n<li>T\u00e4glich, zuverl\u00e4ssig und langj\u00e4hrig (kein \u201emal gucken, ob heute jemand da ist\u201c).<\/li>\n<li>Keine Vereinsmeierei \u2013 purer Kl\u00f6nschnack ohne Politik im Sinne von Partei, sondern lockerer Austausch.<\/li>\n<li>Gute regionale Reichweite auf 80m abends (200\u2013600 km gut h\u00f6rbar, bei guter Propagation weiter).<\/li>\n<li>Viele OM aus der Szene sind dort Stammg\u00e4ste.<\/li>\n<\/ul>\n<p dir=\"auto\">Falls du in Berlin bist: Mit einer halbwegs guten Antenne (z. B. Longwire oder Dipol) und SDR\/WebSDR (z. B. websdr.org) h\u00f6rst du die Runde oft prima \u2013 besonders ab 18 Uhr. Einfach mal reinschalten und zuh\u00f6ren, oder mit einem \u201eCQ Triple Six aus Berlin\u201c einsteigen. Die nehmen Neulinge super freundlich auf<a href=\"http:\/\/do8ail.bplaced.net\/igaf\/wordpress\/?page_id=2903\" target=\"_blank\" rel=\"noopener\">!<\/a><\/p>\n<h4 style=\"text-align: left;\"><\/h4>\n<p>&nbsp;<\/p>\n<p>&nbsp;<\/p>\n<p>&nbsp;<\/p>\n<h4 style=\"text-align: left;\"><\/h4>\n<p>&nbsp;<\/p>\n<p>&nbsp;<\/p>\n<p>&nbsp;<\/p>\n<p>&nbsp;<\/p>\n<p>&nbsp;<\/p>\n","protected":false},"excerpt":{"rendered":"<p>www.3666khz.de ist eine Interessengemeinschaft von Funkamateuren und mit allem erdenklichen Funk-Kl\u00f6terkram auf Kurzwelle. Wir treffen uns zwanglos auf 3666 kHz +- QRM. Rufzeichenklassen aller Art sind willkommen. &nbsp; Das sagt &#8222;Grok&#8220; \u00fcber uns: Website \/ Heimathafen: http:\/\/do8ail.bplaced.net\/igaf\/wordpress\/ \u2013 dort gibt&#8217;s auch eine kleine Wiki-Seite zur Runde. Alternative \/ alte Domain: Fr\u00fcher oft als www.3666khz.de bezeichnet [&hellip;]<\/p>\n","protected":false},"author":1,"featured_media":0,"parent":0,"menu_order":0,"comment_status":"closed","ping_status":"closed","template":"","meta":{"footnotes":""},"class_list":["post-329","page","type-page","status-publish","hentry"],"_links":{"self":[{"href":"http:\/\/do8ail.bplaced.net\/igaf\/wordpress\/index.php?rest_route=\/wp\/v2\/pages\/329","targetHints":{"allow":["GET"]}}],"collection":[{"href":"http:\/\/do8ail.bplaced.net\/igaf\/wordpress\/index.php?rest_route=\/wp\/v2\/pages"}],"about":[{"href":"http:\/\/do8ail.bplaced.net\/igaf\/wordpress\/index.php?rest_route=\/wp\/v2\/types\/page"}],"author":[{"embeddable":true,"href":"http:\/\/do8ail.bplaced.net\/igaf\/wordpress\/index.php?rest_route=\/wp\/v2\/users\/1"}],"replies":[{"embeddable":true,"href":"http:\/\/do8ail.bplaced.net\/igaf\/wordpress\/index.php?rest_route=%2Fwp%2Fv2%2Fcomments&post=329"}],"version-history":[{"count":268,"href":"http:\/\/do8ail.bplaced.net\/igaf\/wordpress\/index.php?rest_route=\/wp\/v2\/pages\/329\/revisions"}],"predecessor-version":[{"id":2906,"href":"http:\/\/do8ail.bplaced.net\/igaf\/wordpress\/index.php?rest_route=\/wp\/v2\/pages\/329\/revisions\/2906"}],"wp:attachment":[{"href":"http:\/\/do8ail.bplaced.net\/igaf\/wordpress\/index.php?rest_route=%2Fwp%2Fv2%2Fmedia&parent=329"}],"curies":[{"name":"wp","href":"https:\/\/api.w.org\/{rel}","templated":true}]}}