{"id":389,"date":"2018-09-14T10:21:43","date_gmt":"2018-09-14T08:21:43","guid":{"rendered":"http:\/\/do8ail.bplaced.net\/igaf\/wordpress\/?page_id=389"},"modified":"2024-02-14T19:14:12","modified_gmt":"2024-02-14T18:14:12","slug":"diplom","status":"publish","type":"page","link":"http:\/\/do8ail.bplaced.net\/igaf\/wordpress\/?page_id=389","title":{"rendered":"AFU Wiki"},"content":{"rendered":"<h4>Mit freundlicher Genehmigung von DL3LH<\/h4>\n<p><a href=\"http:\/\/do8ail.bplaced.net\/igaf\/wordpress\/wp-content\/uploads\/2024\/02\/87082976-466c-4be2-b4bc-86a59ad11e7a.jpeg\"><img loading=\"lazy\" decoding=\"async\" class=\"alignnone  wp-image-2558\" src=\"http:\/\/do8ail.bplaced.net\/igaf\/wordpress\/wp-content\/uploads\/2024\/02\/87082976-466c-4be2-b4bc-86a59ad11e7a.jpeg\" alt=\"\" width=\"284\" height=\"335\" srcset=\"http:\/\/do8ail.bplaced.net\/igaf\/wordpress\/wp-content\/uploads\/2024\/02\/87082976-466c-4be2-b4bc-86a59ad11e7a.jpeg 651w, http:\/\/do8ail.bplaced.net\/igaf\/wordpress\/wp-content\/uploads\/2024\/02\/87082976-466c-4be2-b4bc-86a59ad11e7a-254x300.jpeg 254w\" sizes=\"auto, (max-width: 284px) 100vw, 284px\" \/><\/a><\/p>\n<p><a href=\"http:\/\/do8ail.bplaced.net\/db0fa\/wordpress\/wp-content\/uploads\/2018\/05\/AluoderKupferimAntennenbau.pdf\">Alu+oder+Kupfer+im+Antennenbau<\/a><\/p>\n<p><a href=\"http:\/\/do8ail.bplaced.net\/db0fa\/wordpress\/wp-content\/uploads\/2018\/05\/Anodenverlustleistung-vs-Nutzleistung-bei-R%C3%B6hren.pdf\">Anodenverlustleistung-vs-Nutzleistung-bei-R\u00f6hren<\/a><\/p>\n<p><a href=\"http:\/\/do8ail.bplaced.net\/db0fa\/wordpress\/wp-content\/uploads\/2018\/05\/AnpassungmitStichleitungen.pdf\">Anpassung+mit+Stichleitungen<\/a><\/p>\n<p><a href=\"http:\/\/do8ail.bplaced.net\/db0fa\/wordpress\/wp-content\/uploads\/2018\/05\/Anpassung-Wirkungsgrad-und-Co.pdf\">Anpassung-Wirkungsgrad-und-Co<\/a><\/p>\n<p><a href=\"http:\/\/do8ail.bplaced.net\/db0fa\/wordpress\/wp-content\/uploads\/2018\/05\/Antennen-Messtechnik-Grundlagen.pdf\">Antennen-Messtechnik-Grundlagen<\/a><\/p>\n<p><a href=\"http:\/\/do8ail.bplaced.net\/db0fa\/wordpress\/wp-content\/uploads\/2018\/05\/Antennenmesstechnik-IV-Messen-oder-Rechnen.pdf\">Antennenmesstechnik-IV-Messen-oder-Rechnen<\/a><\/p>\n<p><a href=\"http:\/\/do8ail.bplaced.net\/db0fa\/wordpress\/wp-content\/uploads\/2018\/05\/Antennen-Tuning-f%C3%BCr-KW-II.pdf\">Antennen-Tuning-f\u00fcr-KW-II<\/a><\/p>\n<p><a href=\"http:\/\/do8ail.bplaced.net\/db0fa\/wordpress\/wp-content\/uploads\/2018\/05\/AntennenunddieSpeiseleitung.pdf\">Antennen+und+die+Speiseleitung<\/a><\/p>\n<p><a href=\"http:\/\/do8ail.bplaced.net\/db0fa\/wordpress\/wp-content\/uploads\/2018\/05\/Bestimmung-der-Antennenimpedanz.pdf\">Bestimmung-der-Antennenimpedanz<\/a><\/p>\n<p><a href=\"http:\/\/do8ail.bplaced.net\/db0fa\/wordpress\/wp-content\/uploads\/2018\/05\/Blitzschutz-f%C3%BCr-Amateure1.pdf\">Blitzschutz-f\u00fcr-Amateure1<\/a><\/p>\n<p><a href=\"http:\/\/do8ail.bplaced.net\/db0fa\/wordpress\/wp-content\/uploads\/2018\/05\/CC-Koppler.pdf\">CC-Koppler<\/a><\/p>\n<p><a href=\"http:\/\/do8ail.bplaced.net\/db0fa\/wordpress\/wp-content\/uploads\/2018\/05\/CLC-Netzwerk.pdf\">CLC-Netzwerk<\/a><\/p>\n<p><a href=\"http:\/\/do8ail.bplaced.net\/db0fa\/wordpress\/wp-content\/uploads\/2018\/05\/Delta-Loop-20m.pdf\">Delta-Loop-20m<\/a><\/p>\n<p><a href=\"http:\/\/do8ail.bplaced.net\/db0fa\/wordpress\/wp-content\/uploads\/2018\/05\/Der-Kondensator.pdf\">Der-Kondensator<\/a><\/p>\n<p><a href=\"http:\/\/do8ail.bplaced.net\/db0fa\/wordpress\/wp-content\/uploads\/2018\/05\/Der-optimale-Wellenwiderstand.pdf\">Der-optimale-Wellenwiderstand<\/a><\/p>\n<p><a href=\"http:\/\/do8ail.bplaced.net\/db0fa\/wordpress\/wp-content\/uploads\/2018\/05\/DieAnodendrosselinSenderEndstufen.pdf\">Die+Anodendrossel+in+Sender+Endstufen<\/a><\/p>\n<p><a href=\"http:\/\/do8ail.bplaced.net\/db0fa\/wordpress\/wp-content\/uploads\/2018\/05\/Die-Antenne-macht-die-Musik.pdf\">Die-Antenne-macht-die-Musik<\/a><\/p>\n<p><a href=\"http:\/\/do8ail.bplaced.net\/db0fa\/wordpress\/wp-content\/uploads\/2018\/05\/Die-Tetrode-im-Senderverst%C3%A4rker.pdf\">Die-Tetrode-im-Senderverst\u00e4rker<\/a><\/p>\n<p><a href=\"http:\/\/do8ail.bplaced.net\/db0fa\/wordpress\/wp-content\/uploads\/2018\/05\/Die-Zweidrahtleitung-als-Wellenleiter.pdf\">Die-Zweidrahtleitung-als-Wellenleiter<\/a><\/p>\n<p><a href=\"http:\/\/do8ail.bplaced.net\/db0fa\/wordpress\/wp-content\/uploads\/2018\/05\/DieZweidrahtleitunginderPraxis.pdf\">Die+Zweidrahtleitung+in+der+Praxis<\/a><\/p>\n<p><a href=\"http:\/\/do8ail.bplaced.net\/db0fa\/wordpress\/wp-content\/uploads\/2018\/05\/Endgespeiste-Antenne-f%C3%BCr-80-bis-10-m.pdf\">Endgespeiste-Antenne-f\u00fcr-80-bis-10-m<\/a><\/p>\n<p><a href=\"http:\/\/do8ail.bplaced.net\/db0fa\/wordpress\/wp-content\/uploads\/2018\/05\/EntdeckungderPhase-Richtantennenf%C3%BCrKW.pdf\">Entdeckung+der+Phase+-+Richtantennen+f\u00fcr+KW<\/a><\/p>\n<p><a href=\"http:\/\/do8ail.bplaced.net\/db0fa\/wordpress\/wp-content\/uploads\/2018\/05\/Ethik-des-Funkamateurs.pdf\">Ethik-des-Funkamateurs<\/a><\/p>\n<p><a href=\"http:\/\/do8ail.bplaced.net\/db0fa\/wordpress\/wp-content\/uploads\/2018\/05\/Fraktale-Antennen.pdf\">Fraktale-Antennen<\/a><\/p>\n<p><a href=\"http:\/\/do8ail.bplaced.net\/db0fa\/wordpress\/wp-content\/uploads\/2018\/05\/Gekoppelte-Spulen-und-Kreise.pdf\">Gekoppelte-Spulen-und-Kreise<\/a><\/p>\n<p><a href=\"http:\/\/do8ail.bplaced.net\/db0fa\/wordpress\/wp-content\/uploads\/2018\/05\/Gleichstromkreis-oder-Wechselstrom.pdf\">Gleichstromkreis-oder-Wechselstrom<\/a><\/p>\n<p><a href=\"http:\/\/do8ail.bplaced.net\/db0fa\/wordpress\/wp-content\/uploads\/2018\/05\/Hauteffekt.pdf\">Hauteffekt<\/a><\/p>\n<p><a href=\"http:\/\/do8ail.bplaced.net\/db0fa\/wordpress\/wp-content\/uploads\/2018\/05\/Impedanzbereich-LC-CL-Filter.pdf\">Impedanzbereich-LC-CL-Filter<\/a><\/p>\n<p><a href=\"http:\/\/do8ail.bplaced.net\/db0fa\/wordpress\/wp-content\/uploads\/2018\/05\/Induktivit%C3%A4ten-Luftspulen-in-der-t%C3%A4gl.-Praxis.pdf\">Induktivit\u00e4ten-Luftspulen-in-der-t\u00e4gl.-Praxis<\/a><\/p>\n<p><a href=\"http:\/\/do8ail.bplaced.net\/db0fa\/wordpress\/wp-content\/uploads\/2018\/05\/Kapazitive-H%C3%BCte.pdf\">Kapazitive-H\u00fcte<\/a><\/p>\n<p><a href=\"http:\/\/do8ail.bplaced.net\/db0fa\/wordpress\/wp-content\/uploads\/2018\/05\/Kr%C3%A4fteinAbspannseilenvonDrahtantennen.pdf\">Kr\u00e4fte+in+Abspannseilen+von+Drahtantennen<\/a><\/p>\n<p><a href=\"http:\/\/do8ail.bplaced.net\/db0fa\/wordpress\/wp-content\/uploads\/2018\/05\/KW-Antenne80-15-10.pdf\">KW-Antenne+80-15-10<\/a><\/p>\n<p><a href=\"http:\/\/do8ail.bplaced.net\/db0fa\/wordpress\/wp-content\/uploads\/2018\/05\/Langdraht-Antennen-DL3LH.pdf\">Langdraht-Antennen-DL3LH<\/a><\/p>\n<p><a href=\"http:\/\/do8ail.bplaced.net\/db0fa\/wordpress\/wp-content\/uploads\/2018\/05\/LCL-Filter-Berechnung.pdf\">LCL-Filter-Berechnung<\/a><\/p>\n<p><a href=\"http:\/\/do8ail.bplaced.net\/db0fa\/wordpress\/wp-content\/uploads\/2018\/05\/Leistungsstufen-im-KW-Bereich-I.pdf\">Leistungsstufen-im-KW-Bereich-I<\/a><\/p>\n<p><a href=\"http:\/\/do8ail.bplaced.net\/db0fa\/wordpress\/wp-content\/uploads\/2018\/05\/Leistungsverm%C3%B6genvonKopplernI.pdf\">Leistungsverm\u00f6gen+von+Kopplern+I<\/a><\/p>\n<p><a href=\"http:\/\/do8ail.bplaced.net\/db0fa\/wordpress\/wp-content\/uploads\/2018\/05\/Leistungsverm%C3%B6genvonKopplernII.pdf\">Leistungsverm\u00f6gen+von+Kopplern+II<\/a><\/p>\n<p><a href=\"http:\/\/do8ail.bplaced.net\/db0fa\/wordpress\/wp-content\/uploads\/2018\/05\/MagnetischgekoppelteKreise.pdf\">Magnetisch+gekoppelte+Kreise<\/a> <a href=\"http:\/\/do8ail.bplaced.net\/db0fa\/wordpress\/wp-content\/uploads\/2018\/05\/Messungen-an-Hochvolttrafos.pdf\">Messungen-an-Hochvolttrafos<\/a><\/p>\n<p><a href=\"http:\/\/do8ail.bplaced.net\/db0fa\/wordpress\/wp-content\/uploads\/2018\/05\/Messungen-an-Leistungsendstufen.pdf\">Messungen-an-Leistungsendstufen<\/a><\/p>\n<p><a href=\"http:\/\/do8ail.bplaced.net\/db0fa\/wordpress\/wp-content\/uploads\/2018\/05\/M%C3%B6glichkeiten-der-Reduzierung-der-Verluste-in-Antennnensystemen-kurzer-Antennen.pdf\">M\u00f6glichkeiten-der-Reduzierung-der-Verluste-in-Antennnensystemen-kurzer-Antennen<\/a><\/p>\n<p><a href=\"http:\/\/do8ail.bplaced.net\/db0fa\/wordpress\/wp-content\/uploads\/2018\/05\/MythosBalunI.pdf\">Mythos+Balun+I<\/a><\/p>\n<p><a href=\"http:\/\/do8ail.bplaced.net\/db0fa\/wordpress\/wp-content\/uploads\/2018\/05\/MythosBalunIIDerPhasenumkehrtrafo.pdf\">Mythos+Balun+II+Der+Phasenumkehrtrafo<\/a><\/p>\n<p><a href=\"http:\/\/do8ail.bplaced.net\/db0fa\/wordpress\/wp-content\/uploads\/2018\/05\/Mythos-Balun-Teil-II.pdf\">Mythos-Balun-Teil-II<\/a><\/p>\n<p><a href=\"http:\/\/do8ail.bplaced.net\/db0fa\/wordpress\/wp-content\/uploads\/2018\/05\/MythosderresonantenAntenne.pdf\">Mythos+der+resonanten+Antenne<\/a><\/p>\n<p><a href=\"http:\/\/do8ail.bplaced.net\/db0fa\/wordpress\/wp-content\/uploads\/2018\/05\/Mythos-Falt-Dipol.pdf\">Mythos-Falt-Dipol<\/a><\/p>\n<p><a href=\"http:\/\/do8ail.bplaced.net\/db0fa\/wordpress\/wp-content\/uploads\/2018\/05\/Mythos-G5RV.pdf\">Mythos-G5RV<\/a><\/p>\n<p><a href=\"http:\/\/do8ail.bplaced.net\/db0fa\/wordpress\/wp-content\/uploads\/2018\/05\/Optimaler-Koppler.pdf\">Optimaler-Koppler<\/a><\/p>\n<p><a href=\"http:\/\/do8ail.bplaced.net\/db0fa\/wordpress\/wp-content\/uploads\/2018\/05\/Optimierung-von-KW-Antennenanlagen-Teil-3.pdf\">Optimierung-von-KW-Antennenanlagen-Teil-3<\/a><\/p>\n<p><a href=\"http:\/\/do8ail.bplaced.net\/db0fa\/wordpress\/wp-content\/uploads\/2018\/05\/Parametrischer-Mischer-f%C3%BCr-Mikrowellen.pdf\">Parametrischer-Mischer-f\u00fcr-Mikrowellen<\/a><\/p>\n<p><a href=\"http:\/\/do8ail.bplaced.net\/db0fa\/wordpress\/wp-content\/uploads\/2018\/05\/PassiveNetzwerkezurAnpassung.pdf\">Passive+Netzwerke+zur+Anpassung<\/a><\/p>\n<p><a href=\"http:\/\/do8ail.bplaced.net\/db0fa\/wordpress\/wp-content\/uploads\/2018\/05\/PiFiltermitVerlusten.pdf\">Pi+Filter+mit+Verlusten<\/a><\/p>\n<p><a href=\"http:\/\/do8ail.bplaced.net\/db0fa\/wordpress\/wp-content\/uploads\/2018\/05\/Rauschen-verlustbehafter-Leitungen.pdf\">Rauschen-verlustbehafter-Leitungen<\/a><\/p>\n<p><a href=\"http:\/\/do8ail.bplaced.net\/db0fa\/wordpress\/wp-content\/uploads\/2018\/05\/Rauschmessungen.pdf\">Rauschmessungen<\/a><\/p>\n<p><a href=\"http:\/\/do8ail.bplaced.net\/db0fa\/wordpress\/wp-content\/uploads\/2018\/05\/Resonanz-und-konjugiert-komplexe-Anpassung.pdf\">Resonanz-und-konjugiert-komplexe-Anpassung<\/a><\/p>\n<p><a href=\"http:\/\/do8ail.bplaced.net\/db0fa\/wordpress\/wp-content\/uploads\/2018\/05\/Schleife-84-m-Umfang.pdf\">Schleife-84-m-Umfang<\/a><\/p>\n<p><a href=\"http:\/\/do8ail.bplaced.net\/db0fa\/wordpress\/wp-content\/uploads\/2018\/05\/SinnundUnsinnsymmetrischerAnordnungen.pdf\">Sinn+und+Unsinn+symmetrischer+Anordnungen<\/a><\/p>\n<p><a href=\"http:\/\/do8ail.bplaced.net\/db0fa\/wordpress\/wp-content\/uploads\/2018\/05\/SinnundUnsinnvonAnpassschaltungen.pdf\">Sinn+und+Unsinn+von+Anpassschaltungen<\/a><\/p>\n<p><a href=\"http:\/\/do8ail.bplaced.net\/db0fa\/wordpress\/wp-content\/uploads\/2018\/05\/SMatchimKWBereich.pdf\">S+Match+im+KW+Bereich<\/a><\/p>\n<p><a href=\"http:\/\/do8ail.bplaced.net\/db0fa\/wordpress\/wp-content\/uploads\/2018\/05\/S-Meter-Werte1.pdf\">S-Meter-Werte1<\/a><\/p>\n<p><a href=\"http:\/\/do8ail.bplaced.net\/db0fa\/wordpress\/wp-content\/uploads\/2018\/05\/SpartransformatorinderHFTechnik.pdf\">Spartransformator+in+der+HF+Technik<\/a><\/p>\n<p><a href=\"http:\/\/do8ail.bplaced.net\/db0fa\/wordpress\/wp-content\/uploads\/2018\/05\/Substutionsmethode-f%C3%83%C2%BCr-die-Ermittlung-der-Verluste-von-pas%C3%A2%E2%82%AC%C2%A6.pdf\">Substutionsmethode-f\u00c3\u00bcr-die-Ermittlung-der-Verluste-von-pas\u00e2\u20ac\u00a6<\/a><\/p>\n<p><a href=\"http:\/\/do8ail.bplaced.net\/db0fa\/wordpress\/wp-content\/uploads\/2018\/05\/T-Antennef%C3%BCrdas160mBand.pdf\">T-Antenne+f\u00fcr+das+160+m+Band<\/a><\/p>\n<p><a href=\"http:\/\/do8ail.bplaced.net\/db0fa\/wordpress\/wp-content\/uploads\/2018\/05\/Transformatoren-bei-Hochfrequenz-unter-der-Lupe-Teil-1.pdf\">Transformatoren-bei-Hochfrequenz-unter-der-Lupe-Teil-1<\/a><\/p>\n<p><a href=\"http:\/\/do8ail.bplaced.net\/db0fa\/wordpress\/wp-content\/uploads\/2018\/05\/Transformatoren-bei-Hochfrequenz-unter-der-Lupe-Teil-2.pdf\">Transformatoren-bei-Hochfrequenz-unter-der-Lupe-Teil-2<\/a><\/p>\n<p><a href=\"http:\/\/do8ail.bplaced.net\/db0fa\/wordpress\/wp-content\/uploads\/2018\/05\/Transformatoren-bei-Hochfrequenz-unter-der-Lupe-Teil-3.pdf\">Transformatoren-bei-Hochfrequenz-unter-der-Lupe-Teil-3<\/a><\/p>\n<p><a href=\"http:\/\/do8ail.bplaced.net\/db0fa\/wordpress\/wp-content\/uploads\/2018\/05\/Transformatoren-bei-Hochfrequenz-unter-der-Lupe-Teil-4.pdf\">Transformatoren-bei-Hochfrequenz-unter-der-Lupe-Teil-4<\/a><\/p>\n<p><a href=\"http:\/\/do8ail.bplaced.net\/db0fa\/wordpress\/wp-content\/uploads\/2018\/05\/Transformatoren-bei-Hochfrequenz-unter-der-Lupe-Teil-5-1.pdf\">Transformatoren-bei-Hochfrequenz-unter-der-Lupe-Teil-5-1<\/a><\/p>\n<p><a href=\"http:\/\/do8ail.bplaced.net\/db0fa\/wordpress\/wp-content\/uploads\/2018\/05\/VariometerimKW-Bereich.pdf\">Variometer+im+KW-Bereich<\/a><\/p>\n<p><a href=\"http:\/\/do8ail.bplaced.net\/db0fa\/wordpress\/wp-content\/uploads\/2018\/05\/Vergleich-Dipol-Schleife.pdf\">Vergleich-Dipol-Schleife<\/a><\/p>\n<p><a href=\"http:\/\/do8ail.bplaced.net\/db0fa\/wordpress\/wp-content\/uploads\/2018\/05\/WarumdasT-AnpassnetzwerkimAmateurfunkmitVorsichtzubehandelnist.pdf\">Warum+das+T-Anpassnetzwerk+im+Amateurfunk+mit+Vorsicht+zu+behandeln+ist<\/a><\/p>\n<p><a href=\"http:\/\/do8ail.bplaced.net\/db0fa\/wordpress\/wp-content\/uploads\/2018\/05\/Wirkung-elektromagnetischer-Felder-II.pdf\">Wirkung-elektromagnetischer-Felder-II<\/a><\/p>\n<p><a href=\"http:\/\/do8ail.bplaced.net\/db0fa\/wordpress\/wp-content\/uploads\/2018\/05\/Z-MatchimKW-Bereich.pdf\">Z-Match+im+KW-Bereich<\/a><\/p>\n<p>&nbsp;<\/p>\n<p>&nbsp;<\/p>\n","protected":false},"excerpt":{"rendered":"<p>Mit freundlicher Genehmigung von DL3LH Alu+oder+Kupfer+im+Antennenbau Anodenverlustleistung-vs-Nutzleistung-bei-R\u00f6hren Anpassung+mit+Stichleitungen Anpassung-Wirkungsgrad-und-Co Antennen-Messtechnik-Grundlagen Antennenmesstechnik-IV-Messen-oder-Rechnen Antennen-Tuning-f\u00fcr-KW-II Antennen+und+die+Speiseleitung Bestimmung-der-Antennenimpedanz Blitzschutz-f\u00fcr-Amateure1 CC-Koppler CLC-Netzwerk Delta-Loop-20m Der-Kondensator Der-optimale-Wellenwiderstand Die+Anodendrossel+in+Sender+Endstufen Die-Antenne-macht-die-Musik Die-Tetrode-im-Senderverst\u00e4rker Die-Zweidrahtleitung-als-Wellenleiter Die+Zweidrahtleitung+in+der+Praxis Endgespeiste-Antenne-f\u00fcr-80-bis-10-m Entdeckung+der+Phase+-+Richtantennen+f\u00fcr+KW Ethik-des-Funkamateurs Fraktale-Antennen Gekoppelte-Spulen-und-Kreise Gleichstromkreis-oder-Wechselstrom Hauteffekt Impedanzbereich-LC-CL-Filter Induktivit\u00e4ten-Luftspulen-in-der-t\u00e4gl.-Praxis Kapazitive-H\u00fcte Kr\u00e4fte+in+Abspannseilen+von+Drahtantennen KW-Antenne+80-15-10 Langdraht-Antennen-DL3LH LCL-Filter-Berechnung Leistungsstufen-im-KW-Bereich-I Leistungsverm\u00f6gen+von+Kopplern+I Leistungsverm\u00f6gen+von+Kopplern+II Magnetisch+gekoppelte+Kreise Messungen-an-Hochvolttrafos Messungen-an-Leistungsendstufen M\u00f6glichkeiten-der-Reduzierung-der-Verluste-in-Antennnensystemen-kurzer-Antennen Mythos+Balun+I Mythos+Balun+II+Der+Phasenumkehrtrafo Mythos-Balun-Teil-II Mythos+der+resonanten+Antenne Mythos-Falt-Dipol Mythos-G5RV Optimaler-Koppler Optimierung-von-KW-Antennenanlagen-Teil-3 Parametrischer-Mischer-f\u00fcr-Mikrowellen [&hellip;]<\/p>\n","protected":false},"author":1,"featured_media":0,"parent":0,"menu_order":0,"comment_status":"closed","ping_status":"closed","template":"","meta":{"footnotes":""},"class_list":["post-389","page","type-page","status-publish","hentry"],"_links":{"self":[{"href":"http:\/\/do8ail.bplaced.net\/igaf\/wordpress\/index.php?rest_route=\/wp\/v2\/pages\/389","targetHints":{"allow":["GET"]}}],"collection":[{"href":"http:\/\/do8ail.bplaced.net\/igaf\/wordpress\/index.php?rest_route=\/wp\/v2\/pages"}],"about":[{"href":"http:\/\/do8ail.bplaced.net\/igaf\/wordpress\/index.php?rest_route=\/wp\/v2\/types\/page"}],"author":[{"embeddable":true,"href":"http:\/\/do8ail.bplaced.net\/igaf\/wordpress\/index.php?rest_route=\/wp\/v2\/users\/1"}],"replies":[{"embeddable":true,"href":"http:\/\/do8ail.bplaced.net\/igaf\/wordpress\/index.php?rest_route=%2Fwp%2Fv2%2Fcomments&post=389"}],"version-history":[{"count":11,"href":"http:\/\/do8ail.bplaced.net\/igaf\/wordpress\/index.php?rest_route=\/wp\/v2\/pages\/389\/revisions"}],"predecessor-version":[{"id":2564,"href":"http:\/\/do8ail.bplaced.net\/igaf\/wordpress\/index.php?rest_route=\/wp\/v2\/pages\/389\/revisions\/2564"}],"wp:attachment":[{"href":"http:\/\/do8ail.bplaced.net\/igaf\/wordpress\/index.php?rest_route=%2Fwp%2Fv2%2Fmedia&parent=389"}],"curies":[{"name":"wp","href":"https:\/\/api.w.org\/{rel}","templated":true}]}}